{"id":2,"date":"2025-01-10T19:35:28","date_gmt":"2025-01-10T19:35:28","guid":{"rendered":"http:\/\/warsztatyzwikliny.pl\/?page_id=2"},"modified":"2025-01-11T08:56:09","modified_gmt":"2025-01-11T07:56:09","slug":"home","status":"publish","type":"page","link":"https:\/\/www.warsztatyzwikliny.pl\/","title":{"rendered":"Warsztaty z Wikliny"},"content":{"rendered":"\n<h3>Uczymy sztuki wyplatania<\/h3>\n<h1>Zapraszamy na warsztaty z wikliny<\/h1>\n<!-- ### -->\n\n\n\n<p>Odwied\u017a podkarpackie zag\u0142\u0119bie wikliniarskie i we\u017a udzia\u0142 w zaj\u0119ciach z wyplatania!<\/p>\n<!-- ### -->\n\n\n\n<h2>\u017bycie wiklin\u0105<br \/> przeplatane<\/h2>\n<p>Wyplatanie mamy we krwi. Wiklina towarzyszy nam od dziecka. Prawie ka\u017cdy z nas potrafi wyplata\u0107. Na wielu strychach znajdujemy przepi\u0119kne, wiklinowe wytwory, niekt\u00f3re z nich mo\u017cemy nazwa\u0107 artefaktami. Historia Lasowiak\u00f3w, to historia wikliny, kt\u00f3r\u0105 od kilkunastu lat przywracamy \u017cyciu. Wierzymy, \u017ce wiklina w swoim najg\u0142\u0119bszym sensie ma misj\u0119, kt\u00f3r\u0105 mo\u017cna nazwa\u0107 s\u0142u\u017cb\u0105 \u017cyciu. Dlaczego? \u017bycie, podobnie jak wiklina skrywa wielk\u0105 tajemnic\u0119: wszystko co \u017cyje, musia\u0142o obumrze\u0107, wszystko co umar\u0142o powraca na nowo, w pi\u0119kniejszym wydaniu. M\u00f3wi\u0105 o tym ba\u015bnie, mity, historie z przesz\u0142o\u015bci. M\u00f3wi te\u017c wiklina.   Na warsztatach kreatywnych z r\u0119kodzielniczego wyplatania wikliny skierowanych dla doros\u0142ych i dzieci, chcemy zarazi\u0107 Was nasz\u0105 mi\u0142o\u015bci\u0105 i misj\u0105.<\/p>\n<p>Na pocz\u0105tek zobaczymy i dotkniemy wyrob\u00f3w stworzonych z wikliny, poznamy te\u017c tajemnice materia\u0142u, z kt\u00f3rego robimy produkty: jego cykl \u017cycia i zbi\u00f3r. Opowiemy Wam wiele ciekawych historii o wyplataniu, zawodzie koszykarza i ludziach tego regionu: Lasowiakach. Poka\u017cemy podstawowe techniki wyplatania, dzi\u0119ki kt\u00f3rym samodzielnie zrobicie wiklinowe zabawki, dekoracje, kosze, lampiony lub tac\u0119.<\/p>\n<p>Wykonane plecionki zabierzecie ze sob\u0105 do domu. Dzi\u0119ki wsp\u00f3lnej pracy nawi\u0105\u017cemy kontakt z natur\u0105 i lepsz\u0105 wi\u0119\u017a ze sob\u0105, bo wiklina i plecionkarstwo mocno wi\u0105\u017c\u0105 si\u0119 z mi\u0142o\u015bci\u0105: do przyrody, do ludzi, do pi\u0119kna.<\/p>\n<!-- ### -->\n\n\n\n<p>Jak wygl\u0105daj\u0105 zaj\u0119cia?<\/p>\n<!-- ### -->\n\n\n\n<h2>Wyplatamy<br \/>od pokole\u0144<\/h2>\n<p>Wyplatanie jest wpisane w naturalny cykl roczny. Zaczyna si\u0119 wraz z topnieniem pierwszych \u015bnieg\u00f3w, wiosn\u0105, kiedy wierzba wypuszcza swoje pierwsze kotki, nowe odrosty i ga\u0142\u0105zki. Kiedy ziemia ods\u0142ania si\u0119 pod topniej\u0105cym \u015bniegiem, kiedy rzeka wylewa, podtapiaj\u0105c okoliczne \u0142\u0105ki, a ko\u0144czy zim\u0105, kiedy spod r\u0119ki koszykarzy wychodz\u0105 ostatnie produkty ze zgromadzonego p\u00f3\u017an\u0105 jesieni\u0105 materia\u0142u. Te s\u0105 zwykle najpi\u0119kniejsze.<\/p>\n<p>CHCEMY opowiedzie\u0107 WAM o wiklinie i \u017cyciu w\u0142a\u015bnie poprzez cykl: WIOSNA, LATO, JESIE\u0143, ZIMA. Chcemy opowiedzie\u0107, jak poprzez wzrost \u2013 \u015bci\u0119cie \u2013 nadawanie kszta\u0142tu powstaj\u0105 wyroby, kt\u00f3re sta\u0142y si\u0119 histori\u0105 \u017cycia naszej okolicy. Histori\u0105 \u017cycia ca\u0142ej ludzko\u015bci. Na ka\u017cdym z etap\u00f3w b\u0119dziemy zaprasza\u0107 Was do zada\u0144, kt\u00f3re opr\u00f3cz zewn\u0119trznej pracy r\u0105k, maj\u0105 zapocz\u0105tkowa\u0107 ten sam proces wewn\u0105trz ka\u017cdej i ka\u017cdego z Was.<\/p>\n<p>Najwa\u017cniejsze co mo\u017cemy i musimy sobie da\u0107 to czas: zarezerwowany tylko dla nas, bez bod\u017ac\u00f3w z zewn\u0105trz i zak\u0142\u00f3caczy. Czas, kt\u00f3ry rodzi cierpliwo\u015b\u0107, uwa\u017cno\u015b\u0107 i czu\u0142o\u015b\u0107 wobec siebie i materia\u0142u. Czas, w kt\u00f3rym pozwolimy po\u017cegna\u0107 si\u0119 czemu\u015b w nas, by wpu\u015bci\u0107 co\u015b nowego. Czas, w kt\u00f3rym pozwolimy sobie przej\u015b\u0107 po \u015bcie\u017cce \u017cycia, w zgodzie z natur\u0105 i wg jej odwiecznego cyklu, kt\u00f3ry sprawia, \u017ce mo\u017cemy by\u0107 tu i teraz rozwijaj\u0105c si\u0119 w ci\u0105g\u0142o\u015bci, kt\u00f3ra \u0142\u0105czy ze sob\u0105 przesz\u0142o\u015b\u0107 i przysz\u0142o\u015b\u0107 do ma\u0142ego punktu: teraz.<\/p>\n<!-- ### -->\n\n\n\n<p>Sprawd\u017a daty najbli\u017cszych<br\/> warsztat\u00f3w z wyplatania!<\/p>\n<!-- ### -->\n\n\n\n<h3>Interesuje Ci\u0119 zorganizowanie indywidualnych zaj\u0119\u0107? Wype\u0142nij formularz zg\u0142oszeniowy<\/h3>\n","protected":false},"excerpt":{"rendered":"<p>Uczymy sztuki wyplatania Zapraszamy na warsztaty z wikliny Odwied\u017a podkarpackie zag\u0142\u0119bie wikliniarskie i we\u017a udzia\u0142 w zaj\u0119ciach z wyplatania! \u017bycie wiklin\u0105 przeplatane Wyplatanie mamy we krwi. Wiklina towarzyszy nam od dziecka. Prawie ka\u017cdy z nas potrafi wyplata\u0107. Na wielu strychach znajdujemy przepi\u0119kne, wiklinowe wytwory, niekt\u00f3re z nich mo\u017cemy nazwa\u0107 artefaktami. Historia Lasowiak\u00f3w, to historia wikliny, [&hellip;]<\/p>\n","protected":false},"author":1,"featured_media":0,"parent":0,"menu_order":0,"comment_status":"closed","ping_status":"closed","template":"","meta":{"footnotes":""},"class_list":["post-2","page","type-page","status-publish","hentry"],"_links":{"self":[{"href":"https:\/\/www.warsztatyzwikliny.pl\/index.php\/wp-json\/wp\/v2\/pages\/2","targetHints":{"allow":["GET"]}}],"collection":[{"href":"https:\/\/www.warsztatyzwikliny.pl\/index.php\/wp-json\/wp\/v2\/pages"}],"about":[{"href":"https:\/\/www.warsztatyzwikliny.pl\/index.php\/wp-json\/wp\/v2\/types\/page"}],"author":[{"embeddable":true,"href":"https:\/\/www.warsztatyzwikliny.pl\/index.php\/wp-json\/wp\/v2\/users\/1"}],"replies":[{"embeddable":true,"href":"https:\/\/www.warsztatyzwikliny.pl\/index.php\/wp-json\/wp\/v2\/comments?post=2"}],"version-history":[{"count":10,"href":"https:\/\/www.warsztatyzwikliny.pl\/index.php\/wp-json\/wp\/v2\/pages\/2\/revisions"}],"predecessor-version":[{"id":18,"href":"https:\/\/www.warsztatyzwikliny.pl\/index.php\/wp-json\/wp\/v2\/pages\/2\/revisions\/18"}],"wp:attachment":[{"href":"https:\/\/www.warsztatyzwikliny.pl\/index.php\/wp-json\/wp\/v2\/media?parent=2"}],"curies":[{"name":"wp","href":"https:\/\/api.w.org\/{rel}","templated":true}]}}